{"id":944,"date":"2025-02-12T22:48:48","date_gmt":"2025-02-12T22:48:48","guid":{"rendered":"https:\/\/opalskinspa.com\/?page_id=944"},"modified":"2025-04-23T18:30:16","modified_gmt":"2025-04-23T18:30:16","slug":"contactanos","status":"publish","type":"page","link":"https:\/\/opalskinspa.com\/es_es\/contactanos\/","title":{"rendered":"Contacto"},"content":{"rendered":"\t\t<div data-elementor-type=\"wp-page\" data-elementor-id=\"944\" class=\"elementor elementor-944\" data-elementor-post-type=\"page\">\n\t\t\t\t<div data-particle_enable=\"false\" data-particle-mobile-disabled=\"false\" class=\"elementor-element elementor-element-6a827d32 e-flex e-con-boxed e-con e-parent\" data-id=\"6a827d32\" data-element_type=\"container\" data-e-type=\"container\" data-settings=\"{&quot;background_background&quot;:&quot;classic&quot;,&quot;ekit_has_onepagescroll_dot&quot;:&quot;yes&quot;}\">\n\t\t\t\t\t<div class=\"e-con-inner\">\n\t\t<div data-particle_enable=\"false\" data-particle-mobile-disabled=\"false\" class=\"elementor-element elementor-element-3125e3d6 e-con-full e-flex e-con e-child\" data-id=\"3125e3d6\" data-element_type=\"container\" data-e-type=\"container\" data-settings=\"{&quot;ekit_has_onepagescroll_dot&quot;:&quot;yes&quot;}\">\n\t\t\t\t<div class=\"elementor-element elementor-element-5f9722ce elementor-widget elementor-widget-heading\" data-id=\"5f9722ce\" data-element_type=\"widget\" data-e-type=\"widget\" data-settings=\"{&quot;ekit_we_effect_on&quot;:&quot;none&quot;}\" data-widget_type=\"heading.default\">\n\t\t\t\t<div class=\"elementor-widget-container\">\n\t\t\t\t\t<h2 class=\"elementor-heading-title elementor-size-default\">\u00a1Reserva ahora!<\/h2>\t\t\t\t<\/div>\n\t\t\t\t<\/div>\n\t\t\t\t<\/div>\n\t\t<div data-particle_enable=\"false\" data-particle-mobile-disabled=\"false\" class=\"elementor-element elementor-element-31f3f523 e-flex e-con-boxed e-con e-child\" data-id=\"31f3f523\" data-element_type=\"container\" data-e-type=\"container\" data-settings=\"{&quot;ekit_has_onepagescroll_dot&quot;:&quot;yes&quot;}\">\n\t\t\t\t\t<div class=\"e-con-inner\">\n\t\t\t\t<div class=\"elementor-element elementor-element-223f9d6d eael-wpforms-labels-yes eael-wpforms-form-button-custom elementor-widget elementor-widget-eael-wpforms\" data-id=\"223f9d6d\" data-element_type=\"widget\" data-e-type=\"widget\" data-settings=\"{&quot;ekit_we_effect_on&quot;:&quot;none&quot;}\" data-widget_type=\"eael-wpforms.default\">\n\t\t\t\t<div class=\"elementor-widget-container\">\n\t\t\t\t\t            <div class=\"eael-contact-form eael-wpforms title-description-hide eael-custom-radio-checkbox eael-wpforms-align-center\">\n                                    <div class=\"eael-wpforms-heading\">\n                                                                    <\/div>\n                                <div class=\"wpforms-container wpforms-container-full wpforms-render-modern\" id=\"wpforms-610\"><form id=\"wpforms-form-610\" class=\"wpforms-validate wpforms-form wpforms-ajax-form\" data-formid=\"610\" method=\"post\" enctype=\"multipart\/form-data\" action=\"\/es_es\/wp-json\/wp\/v2\/pages\/944\" data-token=\"e6cbb8d8a5fbfb12fedf3814687907aa\" data-token-time=\"1776936216\"><noscript class=\"wpforms-error-noscript\">Por favor, activa JavaScript en tu navegador para completar este formulario.<\/noscript><div id=\"wpforms-error-noscript\" style=\"display: none;\">Por favor, activa JavaScript en tu navegador para completar este formulario.<\/div><div class=\"wpforms-field-container\"><div id=\"wpforms-610-field_1-container\" class=\"wpforms-field wpforms-field-name\" data-field-id=\"1\"><label class=\"wpforms-field-label\" for=\"wpforms-610-field_1\">Nombre <span class=\"wpforms-required-label\" aria-hidden=\"true\">*<\/span><\/label><input type=\"text\" id=\"wpforms-610-field_1\" class=\"wpforms-field-medium wpforms-field-required\" name=\"wpforms[fields][1]\" aria-errormessage=\"wpforms-610-field_1-error\" required><\/div><div id=\"wpforms-610-field_4-container\" class=\"wpforms-field wpforms-field-radio\" data-field-id=\"4\"><fieldset><legend class=\"wpforms-field-label\">\u00bfEn que servicio estas interesado? <span class=\"wpforms-required-label\" aria-hidden=\"true\">*<\/span><\/legend><ul id=\"wpforms-610-field_4\" class=\"wpforms-field-required\"><li class=\"choice-1 depth-1\"><input type=\"radio\" id=\"wpforms-610-field_4_1\" name=\"wpforms[fields][4]\" value=\"Masaje personalizado\" aria-errormessage=\"wpforms-610-field_4_1-error\" required ><label class=\"wpforms-field-label-inline\" for=\"wpforms-610-field_4_1\">Masaje personalizado<\/label><\/li><li class=\"choice-2 depth-1\"><input type=\"radio\" id=\"wpforms-610-field_4_2\" name=\"wpforms[fields][4]\" value=\"Tratamiento Facial\" aria-errormessage=\"wpforms-610-field_4_2-error\" required ><label class=\"wpforms-field-label-inline\" for=\"wpforms-610-field_4_2\">Tratamiento Facial<\/label><\/li><li class=\"choice-3 depth-1\"><input type=\"radio\" id=\"wpforms-610-field_4_3\" name=\"wpforms[fields][4]\" value=\"Evento masivo para empresas\" aria-errormessage=\"wpforms-610-field_4_3-error\" required ><label class=\"wpforms-field-label-inline\" for=\"wpforms-610-field_4_3\">Evento masivo para empresas<\/label><\/li><li class=\"choice-4 depth-1\"><input type=\"radio\" id=\"wpforms-610-field_4_4\" name=\"wpforms[fields][4]\" value=\"Fiesta de Spa\" aria-errormessage=\"wpforms-610-field_4_4-error\" required ><label class=\"wpforms-field-label-inline\" for=\"wpforms-610-field_4_4\">Fiesta de Spa<\/label><\/li><\/ul><\/fieldset><\/div><div id=\"wpforms-610-field_2-container\" class=\"wpforms-field wpforms-field-email\" data-field-id=\"2\"><label class=\"wpforms-field-label\" for=\"wpforms-610-field_2\">Correo electr\u00f3nico <span class=\"wpforms-required-label\" aria-hidden=\"true\">*<\/span><\/label><input type=\"email\" id=\"wpforms-610-field_2\" class=\"wpforms-field-medium wpforms-field-required\" name=\"wpforms[fields][2]\" spellcheck=\"false\" aria-errormessage=\"wpforms-610-field_2-error\" required><\/div><div id=\"wpforms-610-field_6-container\" class=\"wpforms-field wpforms-field-number\" data-field-id=\"6\"><label class=\"wpforms-field-label\" for=\"wpforms-610-field_6\">N\u00famero de Tel\u00e9fono <span class=\"wpforms-required-label\" aria-hidden=\"true\">*<\/span><\/label><input type=\"number\" id=\"wpforms-610-field_6\" class=\"wpforms-field-medium wpforms-field-required\" name=\"wpforms[fields][6]\" step=\"any\" aria-errormessage=\"wpforms-610-field_6-error\" required><\/div>\t\t<div id=\"wpforms-610-field_5-container\"\n\t\t\tclass=\"wpforms-field wpforms-field-text\"\n\t\t\tdata-field-type=\"text\"\n\t\t\tdata-field-id=\"5\"\n\t\t\t>\n\t\t\t<label class=\"wpforms-field-label\" for=\"wpforms-610-field_5\" >de servicio Nombre<\/label>\n\t\t\t<input type=\"text\" id=\"wpforms-610-field_5\" class=\"wpforms-field-medium\" name=\"wpforms[fields][5]\" >\n\t\t<\/div>\n\t\t<div id=\"wpforms-610-field_3-container\" class=\"wpforms-field wpforms-field-textarea\" data-field-id=\"3\"><label class=\"wpforms-field-label\" for=\"wpforms-610-field_3\">Tu mensaje<\/label><textarea id=\"wpforms-610-field_3\" class=\"wpforms-field-medium wpforms-limit-characters-enabled\" data-form-id=\"610\" data-field-id=\"3\" data-text-limit=\"1000\" name=\"wpforms[fields][3]\" aria-errormessage=\"wpforms-610-field_3-error\" maxlength=\"1000\" ><\/textarea><\/div><script>\n\t\t\t\t( function() {\n\t\t\t\t\tconst style = document.createElement( 'style' );\n\t\t\t\t\tstyle.appendChild( document.createTextNode( '#wpforms-610-field_5-container { position: absolute !important; overflow: hidden !important; display: inline !important; height: 1px !important; width: 1px !important; z-index: -1000 !important; padding: 0 !important; } #wpforms-610-field_5-container input { visibility: hidden; } #wpforms-conversational-form-page #wpforms-610-field_5-container label { counter-increment: none; }' ) );\n\t\t\t\t\tdocument.head.appendChild( style );\n\t\t\t\t\tdocument.currentScript?.remove();\n\t\t\t\t} )();\n\t\t\t<\/script><\/div><!-- .wpforms-field-container --><div class=\"wpforms-recaptcha-container wpforms-is-recaptcha wpforms-is-recaptcha-type-v3\" ><input type=\"hidden\" name=\"wpforms[recaptcha]\" value=\"\"><\/div><div class=\"wpforms-submit-container\" ><input type=\"hidden\" name=\"wpforms[id]\" value=\"610\"><input type=\"hidden\" name=\"page_title\" value=\"\"><input type=\"hidden\" name=\"page_url\" value=\"https:\/\/opalskinspa.com\/es_es\/wp-json\/wp\/v2\/pages\/944\"><input type=\"hidden\" name=\"url_referer\" value=\"\"><button type=\"submit\" name=\"wpforms[submit]\" id=\"wpforms-submit-610\" class=\"wpforms-submit\" data-alt-text=\"Enviando...\" data-submit-text=\"Enviar\" aria-live=\"assertive\" value=\"wpforms-submit\">Enviar<\/button><img decoding=\"async\" src=\"https:\/\/opalskinspa.com\/wp-content\/plugins\/wpforms-lite\/assets\/images\/submit-spin.svg\" class=\"wpforms-submit-spinner\" style=\"display: none;\" width=\"26\" height=\"26\" alt=\"Cargando\"><\/div><\/form><\/div>  <!-- .wpforms-container -->            <\/div>\n\t\t\t\t<\/div>\n\t\t\t\t<\/div>\n\t\t\t\t\t<\/div>\n\t\t\t\t<\/div>\n\t\t\t\t\t<\/div>\n\t\t\t\t<\/div>\n\t\t\t\t<\/div>\n\t\t","protected":false},"excerpt":{"rendered":"<p>\u00a1Reserva ahora! Por favor, activa JavaScript en tu navegador para completar este formulario.Por favor, activa JavaScript en tu navegador para completar este formulario.Nombre * \u00bfEn que servicio estas interesado? * Masaje personalizado Tratamiento facial Evento masivo para empresas Fiesta de Spa Correo electr\u00f3nico *N\u00famero de Tel\u00e9fono *Tu mensaje Enviar<\/p>\n","protected":false},"author":1,"featured_media":0,"parent":0,"menu_order":0,"comment_status":"closed","ping_status":"closed","template":"","meta":{"footnotes":""},"class_list":["post-944","page","type-page","status-publish","hentry"],"yoast_head":"<!-- This site is optimized with the Yoast SEO plugin v27.4 - https:\/\/yoast.com\/product\/yoast-seo-wordpress\/ -->\n<title>Bienestar y relajaci\u00f3n - opalskinspa.com<\/title>\n<meta name=\"description\" content=\"En Opal Skin Spa, llevamos el bienestar donde t\u00fa lo necesites. Ya sea en tu hogar, en la oficina o durante eventos especiales, transformamos cualquier espacio en un oasis de relajaci\u00f3n y cuidado.\" \/>\n<meta name=\"robots\" content=\"index, follow, max-snippet:-1, max-image-preview:large, max-video-preview:-1\" \/>\n<link rel=\"canonical\" href=\"https:\/\/opalskinspa.com\/es_es\/contactanos\/\" \/>\n<meta property=\"og:locale\" content=\"es_ES\" \/>\n<meta property=\"og:type\" content=\"article\" \/>\n<meta property=\"og:title\" content=\"Bienestar y relajaci\u00f3n - opalskinspa.com\" \/>\n<meta property=\"og:description\" content=\"En Opal Skin Spa, llevamos el bienestar donde t\u00fa lo necesites. Ya sea en tu hogar, en la oficina o durante eventos especiales, transformamos cualquier espacio en un oasis de relajaci\u00f3n y cuidado.\" \/>\n<meta property=\"og:url\" content=\"https:\/\/opalskinspa.com\/es_es\/contactanos\/\" \/>\n<meta property=\"og:site_name\" content=\"opalskinspa.com\" \/>\n<meta property=\"article:modified_time\" content=\"2025-04-23T18:30:16+00:00\" \/>\n<meta property=\"og:image\" content=\"https:\/\/opalskinspa.com\/wp-content\/plugins\/wpforms-lite\/assets\/images\/submit-spin.svg\" \/>\n<meta name=\"twitter:card\" content=\"summary_large_image\" \/>\n<meta name=\"twitter:label1\" content=\"Tiempo de lectura\" \/>\n\t<meta name=\"twitter:data1\" content=\"1 minuto\" \/>\n<script type=\"application\/ld+json\" class=\"yoast-schema-graph\">{\"@context\":\"https:\\\/\\\/schema.org\",\"@graph\":[{\"@type\":\"WebPage\",\"@id\":\"https:\\\/\\\/opalskinspa.com\\\/contactanos\\\/\",\"url\":\"https:\\\/\\\/opalskinspa.com\\\/contactanos\\\/\",\"name\":\"Bienestar y relajaci\u00f3n - opalskinspa.com\",\"isPartOf\":{\"@id\":\"https:\\\/\\\/opalskinspa.com\\\/#website\"},\"primaryImageOfPage\":{\"@id\":\"https:\\\/\\\/opalskinspa.com\\\/contactanos\\\/#primaryimage\"},\"image\":{\"@id\":\"https:\\\/\\\/opalskinspa.com\\\/contactanos\\\/#primaryimage\"},\"thumbnailUrl\":\"https:\\\/\\\/opalskinspa.com\\\/wp-content\\\/plugins\\\/wpforms-lite\\\/assets\\\/images\\\/submit-spin.svg\",\"datePublished\":\"2025-02-12T22:48:48+00:00\",\"dateModified\":\"2025-04-23T18:30:16+00:00\",\"description\":\"En Opal Skin Spa, llevamos el bienestar donde t\u00fa lo necesites. Ya sea en tu hogar, en la oficina o durante eventos especiales, transformamos cualquier espacio en un oasis de relajaci\u00f3n y cuidado.\",\"breadcrumb\":{\"@id\":\"https:\\\/\\\/opalskinspa.com\\\/contactanos\\\/#breadcrumb\"},\"inLanguage\":\"es\",\"potentialAction\":[{\"@type\":\"ReadAction\",\"target\":[\"https:\\\/\\\/opalskinspa.com\\\/contactanos\\\/\"]}]},{\"@type\":\"ImageObject\",\"inLanguage\":\"es\",\"@id\":\"https:\\\/\\\/opalskinspa.com\\\/contactanos\\\/#primaryimage\",\"url\":\"https:\\\/\\\/opalskinspa.com\\\/wp-content\\\/plugins\\\/wpforms-lite\\\/assets\\\/images\\\/submit-spin.svg\",\"contentUrl\":\"https:\\\/\\\/opalskinspa.com\\\/wp-content\\\/plugins\\\/wpforms-lite\\\/assets\\\/images\\\/submit-spin.svg\"},{\"@type\":\"BreadcrumbList\",\"@id\":\"https:\\\/\\\/opalskinspa.com\\\/contactanos\\\/#breadcrumb\",\"itemListElement\":[{\"@type\":\"ListItem\",\"position\":1,\"name\":\"Portada\",\"item\":\"https:\\\/\\\/opalskinspa.com\\\/es_es\\\/\"},{\"@type\":\"ListItem\",\"position\":2,\"name\":\"Contacto\"}]},{\"@type\":\"WebSite\",\"@id\":\"https:\\\/\\\/opalskinspa.com\\\/#website\",\"url\":\"https:\\\/\\\/opalskinspa.com\\\/\",\"name\":\"opalskinspa.com\",\"description\":\"Bienestar y relajaci\u00f3n donde quieras\",\"publisher\":{\"@id\":\"https:\\\/\\\/opalskinspa.com\\\/#organization\"},\"alternateName\":\"Spa Opal Skin\",\"potentialAction\":[{\"@type\":\"SearchAction\",\"target\":{\"@type\":\"EntryPoint\",\"urlTemplate\":\"https:\\\/\\\/opalskinspa.com\\\/?s={search_term_string}\"},\"query-input\":{\"@type\":\"PropertyValueSpecification\",\"valueRequired\":true,\"valueName\":\"search_term_string\"}}],\"inLanguage\":\"es\"},{\"@type\":\"Organization\",\"@id\":\"https:\\\/\\\/opalskinspa.com\\\/#organization\",\"name\":\"Opal Skin Spa\",\"alternateName\":\"Spa Bienestar y Relajaci\u00f3n\",\"url\":\"https:\\\/\\\/opalskinspa.com\\\/\",\"logo\":{\"@type\":\"ImageObject\",\"inLanguage\":\"es\",\"@id\":\"https:\\\/\\\/opalskinspa.com\\\/#\\\/schema\\\/logo\\\/image\\\/\",\"url\":\"http:\\\/\\\/opalskinspa.com\\\/wp-content\\\/uploads\\\/2025\\\/02\\\/696_OpalSkinSpa-copia.png\",\"contentUrl\":\"http:\\\/\\\/opalskinspa.com\\\/wp-content\\\/uploads\\\/2025\\\/02\\\/696_OpalSkinSpa-copia.png\",\"width\":696,\"height\":697,\"caption\":\"Opal Skin Spa\"},\"image\":{\"@id\":\"https:\\\/\\\/opalskinspa.com\\\/#\\\/schema\\\/logo\\\/image\\\/\"},\"sameAs\":[\"https:\\\/\\\/www.instagram.com\\\/opalskinspa_llc\\\/\"]}]}<\/script>\n<!-- \/ Yoast SEO plugin. -->","yoast_head_json":{"title":"Bienestar y relajaci\u00f3n - opalskinspa.com","description":"En Opal Skin Spa, llevamos el bienestar donde t\u00fa lo necesites. Ya sea en tu hogar, en la oficina o durante eventos especiales, transformamos cualquier espacio en un oasis de relajaci\u00f3n y cuidado.","robots":{"index":"index","follow":"follow","max-snippet":"max-snippet:-1","max-image-preview":"max-image-preview:large","max-video-preview":"max-video-preview:-1"},"canonical":"https:\/\/opalskinspa.com\/es_es\/contactanos\/","og_locale":"es_ES","og_type":"article","og_title":"Bienestar y relajaci\u00f3n - opalskinspa.com","og_description":"En Opal Skin Spa, llevamos el bienestar donde t\u00fa lo necesites. Ya sea en tu hogar, en la oficina o durante eventos especiales, transformamos cualquier espacio en un oasis de relajaci\u00f3n y cuidado.","og_url":"https:\/\/opalskinspa.com\/es_es\/contactanos\/","og_site_name":"opalskinspa.com","article_modified_time":"2025-04-23T18:30:16+00:00","og_image":[{"url":"https:\/\/opalskinspa.com\/wp-content\/plugins\/wpforms-lite\/assets\/images\/submit-spin.svg","type":"","width":"","height":""}],"twitter_card":"summary_large_image","twitter_misc":{"Tiempo de lectura":"1 minuto"},"schema":{"@context":"https:\/\/schema.org","@graph":[{"@type":"WebPage","@id":"https:\/\/opalskinspa.com\/contactanos\/","url":"https:\/\/opalskinspa.com\/contactanos\/","name":"Bienestar y relajaci\u00f3n - opalskinspa.com","isPartOf":{"@id":"https:\/\/opalskinspa.com\/#website"},"primaryImageOfPage":{"@id":"https:\/\/opalskinspa.com\/contactanos\/#primaryimage"},"image":{"@id":"https:\/\/opalskinspa.com\/contactanos\/#primaryimage"},"thumbnailUrl":"https:\/\/opalskinspa.com\/wp-content\/plugins\/wpforms-lite\/assets\/images\/submit-spin.svg","datePublished":"2025-02-12T22:48:48+00:00","dateModified":"2025-04-23T18:30:16+00:00","description":"En Opal Skin Spa, llevamos el bienestar donde t\u00fa lo necesites. Ya sea en tu hogar, en la oficina o durante eventos especiales, transformamos cualquier espacio en un oasis de relajaci\u00f3n y cuidado.","breadcrumb":{"@id":"https:\/\/opalskinspa.com\/contactanos\/#breadcrumb"},"inLanguage":"es","potentialAction":[{"@type":"ReadAction","target":["https:\/\/opalskinspa.com\/contactanos\/"]}]},{"@type":"ImageObject","inLanguage":"es","@id":"https:\/\/opalskinspa.com\/contactanos\/#primaryimage","url":"https:\/\/opalskinspa.com\/wp-content\/plugins\/wpforms-lite\/assets\/images\/submit-spin.svg","contentUrl":"https:\/\/opalskinspa.com\/wp-content\/plugins\/wpforms-lite\/assets\/images\/submit-spin.svg"},{"@type":"BreadcrumbList","@id":"https:\/\/opalskinspa.com\/contactanos\/#breadcrumb","itemListElement":[{"@type":"ListItem","position":1,"name":"Portada","item":"https:\/\/opalskinspa.com\/es_es\/"},{"@type":"ListItem","position":2,"name":"Contacto"}]},{"@type":"WebSite","@id":"https:\/\/opalskinspa.com\/#website","url":"https:\/\/opalskinspa.com\/","name":"opalskinspa.com","description":"Bienestar y relajaci\u00f3n donde quieras","publisher":{"@id":"https:\/\/opalskinspa.com\/#organization"},"alternateName":"Spa Opal Skin","potentialAction":[{"@type":"SearchAction","target":{"@type":"EntryPoint","urlTemplate":"https:\/\/opalskinspa.com\/?s={search_term_string}"},"query-input":{"@type":"PropertyValueSpecification","valueRequired":true,"valueName":"search_term_string"}}],"inLanguage":"es"},{"@type":"Organization","@id":"https:\/\/opalskinspa.com\/#organization","name":"Opal Skin Spa","alternateName":"Spa Bienestar y Relajaci\u00f3n","url":"https:\/\/opalskinspa.com\/","logo":{"@type":"ImageObject","inLanguage":"es","@id":"https:\/\/opalskinspa.com\/#\/schema\/logo\/image\/","url":"http:\/\/opalskinspa.com\/wp-content\/uploads\/2025\/02\/696_OpalSkinSpa-copia.png","contentUrl":"http:\/\/opalskinspa.com\/wp-content\/uploads\/2025\/02\/696_OpalSkinSpa-copia.png","width":696,"height":697,"caption":"Opal Skin Spa"},"image":{"@id":"https:\/\/opalskinspa.com\/#\/schema\/logo\/image\/"},"sameAs":["https:\/\/www.instagram.com\/opalskinspa_llc\/"]}]}},"_links":{"self":[{"href":"https:\/\/opalskinspa.com\/es_es\/wp-json\/wp\/v2\/pages\/944","targetHints":{"allow":["GET"]}}],"collection":[{"href":"https:\/\/opalskinspa.com\/es_es\/wp-json\/wp\/v2\/pages"}],"about":[{"href":"https:\/\/opalskinspa.com\/es_es\/wp-json\/wp\/v2\/types\/page"}],"author":[{"embeddable":true,"href":"https:\/\/opalskinspa.com\/es_es\/wp-json\/wp\/v2\/users\/1"}],"replies":[{"embeddable":true,"href":"https:\/\/opalskinspa.com\/es_es\/wp-json\/wp\/v2\/comments?post=944"}],"version-history":[{"count":10,"href":"https:\/\/opalskinspa.com\/es_es\/wp-json\/wp\/v2\/pages\/944\/revisions"}],"predecessor-version":[{"id":1137,"href":"https:\/\/opalskinspa.com\/es_es\/wp-json\/wp\/v2\/pages\/944\/revisions\/1137"}],"wp:attachment":[{"href":"https:\/\/opalskinspa.com\/es_es\/wp-json\/wp\/v2\/media?parent=944"}],"curies":[{"name":"wp","href":"https:\/\/api.w.org\/{rel}","templated":true}]}}